{"id":33,"date":"2020-02-15T18:25:57","date_gmt":"2020-02-15T18:25:57","guid":{"rendered":"https:\/\/www.affinite.fr\/?page_id=33"},"modified":"2021-12-15T15:24:37","modified_gmt":"2021-12-15T15:24:37","slug":"info-legal","status":"publish","type":"page","link":"http:\/\/www.affinite.fr\/index.php\/info-legal\/","title":{"rendered":"info legal"},"content":{"rendered":"\n<p><\/p>\n\n\n\n<p>Partage de flux RSS <\/p>\n\n\n\n<p>Si vous d\u00e9sirez que votre flux soit partage  contactez nous en nous envoyez le liens de votre flux RSS<\/p>\n\n\n\n<h1 class=\"wp-block-heading\">Mention l\u00e9gale<\/h1>\n\n\n\n<p>MENTIONS LEGALES<\/p>\n\n\n\n<p>I. Ce site internet est \u00e9dit\u00e9 par Direct service Elite Ltd,<br>immatricul\u00e9e au Registre du Commerce et des Soci\u00e9t\u00e9s de Londres sous le num\u00e9ro 11567176, dont<br>le si\u00e8ge social est situ\u00e9 20-22, Wenlock Road, Londres, Angleterre, N1 7GU<\/p>\n\n\n\n<p>Le directeur de la publication est Mr Gris Fabien, Directeur de publication.<\/p>\n\n\n\n<p>H\u00c9BERGEMENT<\/p>\n\n\n\n<p> 2 rue Kellermann<br>59 100 Roubaix<br>France <\/p>\n\n\n\n<p>II. Pour toute information ou conseil, vous pouvez nous contacter directement :<br>&#8211; En Ligne, via notre page de contact.<\/p>\n\n\n\n<p>III. Direct service elite Ltd met tout en \u0153uvre pour offrir \u00e0 ses utilisateurs la meilleure exp\u00e9rience de navigation<br>possible ainsi que des informations compl\u00e8tes et pertinentes. Dans le cas o\u00f9 vous remarqueriez un<br>contenu inappropri\u00e9 ou illicite, nous vous invitons \u00e0 nous le signaler \u00e0 l\u2019adresse suivante :<br><br><\/p>\n","protected":false},"excerpt":{"rendered":"<p>Partage de flux RSS Si vous d\u00e9sirez que votre flux soit partage contactez nous en nous envoyez le liens de &hellip; <a href=\"http:\/\/www.affinite.fr\/index.php\/info-legal\/\" class=\"more-link\">Plus <span class=\"screen-reader-text\">info legal<\/span> <span class=\"meta-nav\">&rarr;<\/span><\/a><\/p>\n","protected":false},"author":1,"featured_media":0,"parent":0,"menu_order":0,"comment_status":"closed","ping_status":"closed","template":"","meta":{"_sitemap_exclude":false,"_sitemap_priority":"","_sitemap_frequency":"","footnotes":""},"class_list":["post-33","page","type-page","status-publish","hentry"],"_links":{"self":[{"href":"http:\/\/www.affinite.fr\/index.php\/wp-json\/wp\/v2\/pages\/33"}],"collection":[{"href":"http:\/\/www.affinite.fr\/index.php\/wp-json\/wp\/v2\/pages"}],"about":[{"href":"http:\/\/www.affinite.fr\/index.php\/wp-json\/wp\/v2\/types\/page"}],"author":[{"embeddable":true,"href":"http:\/\/www.affinite.fr\/index.php\/wp-json\/wp\/v2\/users\/1"}],"replies":[{"embeddable":true,"href":"http:\/\/www.affinite.fr\/index.php\/wp-json\/wp\/v2\/comments?post=33"}],"version-history":[{"count":2,"href":"http:\/\/www.affinite.fr\/index.php\/wp-json\/wp\/v2\/pages\/33\/revisions"}],"predecessor-version":[{"id":7212,"href":"http:\/\/www.affinite.fr\/index.php\/wp-json\/wp\/v2\/pages\/33\/revisions\/7212"}],"wp:attachment":[{"href":"http:\/\/www.affinite.fr\/index.php\/wp-json\/wp\/v2\/media?parent=33"}],"curies":[{"name":"wp","href":"https:\/\/api.w.org\/{rel}","templated":true}]}}