{"id":3,"date":"2020-02-15T18:01:39","date_gmt":"2020-02-15T18:01:39","guid":{"rendered":"https:\/\/www.affinite.fr\/?page_id=3"},"modified":"2022-10-22T06:03:44","modified_gmt":"2022-10-22T06:03:44","slug":"privacy-policy","status":"publish","type":"page","link":"http:\/\/www.affinite.fr\/index.php\/privacy-policy\/","title":{"rendered":"Privacy Policy RGPD"},"content":{"rendered":"\n<h1 class=\"wp-block-heading\">COOKIES<\/h1>\n\n\n\n<p>En poursuivant votre navigation, vous acceptez l\u2019utilisation de cookies destin\u00e9s notamment \u00e0 l\u2019analyse statistique, aux r\u00e9seaux sociaux et \u00e0 la gestion des comptes utilisateurs.<\/p>\n\n\n\n<p>Lors de votre navigation sur ce site internet, des cookies sont d\u00e9pos\u00e9s sur votre ordinateur, votre mobile ou votre tablette.<\/p>\n\n\n\n<p>Sur cette page, vous trouverez des informations autour des cookies, leur fonctionnement, leur utilisation et leur param\u00e9trage.<a><\/a><\/p>\n\n\n\n<h2 class=\"wp-block-heading\">QU\u2019EST-CE QU\u2019UN COOKIE ? (D\u00c9FINITION DE LA CNIL)<\/h2>\n\n\n\n<p>\u00ab Un cookie est une information d\u00e9pos\u00e9e sur votre disque dur par le serveur du site que vous visitez. Il contient plusieurs donn\u00e9es : le nom du serveur qui l\u2019a d\u00e9pos\u00e9e, un identifiant sous forme de num\u00e9ro unique et \u00e9ventuellement une date d\u2019expiration.<\/p>\n\n\n\n<p>Ces informations sont parfois stock\u00e9es sur votre ordinateur dans un simple fichier texte auquel un serveur acc\u00e8de pour lire et enregistrer des informations. \u00bb<a><\/a><\/p>\n\n\n\n<h2 class=\"wp-block-heading\">\u00c0 QUOI SERVENT LES COOKIES ?<\/h2>\n\n\n\n<p>Les cookies sont utilis\u00e9s par exemple pour vous identifier lors de votre navigation sur le site des \u00e9ditions du patrimoine (panier d\u2019achat, compte, etc), pour suivre la fr\u00e9quentation de nos sites internet (nombre de visiteurs, temps pass\u00e9 sur nos page, les pages les plus vues, etc) et pour optimiser votre parcours sur nos sites internet (enregistrement des param\u00e8tres de langue du site, mise en place de boutons de partage r\u00e9seaux sociaux, etc).<\/p>\n\n\n\n<p>Pour en savoir plus et <a href=\"http:\/\/www.affinite.fr\/index.php\/2022\/11\/09\/formation-de-glacier-apprenez-le-metier-de-glacier-et-changez-votre-vie\/\">apprendre<\/a> \u00e0 param\u00e9trer vos cookies :&nbsp;<a href=\"http:\/\/www.cnil.fr\/vos-droits\/vos-traces\/les-cookies\/\" target=\"_blank\" rel=\"noreferrer noopener\">http:\/\/www.cnil.fr\/vos-droits\/vos-traces\/les-cookies\/<\/a>&nbsp;<a><\/a><\/p>\n\n\n\n<h2 class=\"wp-block-heading\">QUELS SONT LES COOKIES UTILIS\u00c9S SUR LE SITE DU CENTRE DES MONUMENTS NATIONAUX ?<\/h2>\n\n\n\n<p><strong>&gt; Des cookies pour mesurer l\u2019utilisation du site (Google Analytics)<\/strong><\/p>\n\n\n\n<figure class=\"wp-block-image\"><img decoding=\"async\" src=\"https:\/\/medias.monuments-nationaux.fr\/var\/cmn_inter\/storage\/images\/mediatheque\/mediatheque-commune\/images\/cookies\/1583217-1-fre-FR\/cookies.jpg\" alt=\"\"\/><\/figure>\n\n\n\n<p>&nbsp;Pour refuser les cookies d\u00e9pos\u00e9s par Google Analytics,&nbsp;<a href=\"https:\/\/tools.google.com\/dlpage\/gaoptout\" target=\"_blank\" rel=\"noreferrer noopener\">cliquez ici<\/a>.&nbsp;<\/p>\n\n\n\n<p><strong>&gt; Des cookies pour g\u00e9rer les espaces personnels<\/strong>&nbsp;(espace presse, espace professionnels du tourisme, etc). Il s\u2019agit de cookies d\u2019authentification pour conserver vos identifiants en toute s\u00e9curit\u00e9 et aider \u00e0 votre navigation sans avoir \u00e0 ressaisir certaines informations.<\/p>\n\n\n\n<h2 class=\"wp-block-heading\">COMMENT G\u00c9RER VOS PARAM\u00c8TRES DE PARTAGE ?<\/h2>\n\n\n\n<p>Le CMN ne contr\u00f4le pas les cookies d\u00e9pos\u00e9s par Facebook, Instagram Twitter, Google + ou tout autre r\u00e9seau social sur lequel vous d\u00e9cidez de partager nos contenus.<\/p>\n\n\n\n<p>Pour mieux conna\u00eetre les conditions d\u2019utilisation des cookies ou traceurs \u00e9quivalents de chacun de ces r\u00e9seaux sociaux :<\/p>\n\n\n\n<ul class=\"wp-block-list\"><li><a href=\"https:\/\/www.facebook.com\/help\/cookies\" target=\"_blank\" rel=\"noreferrer noopener\">Facebook<\/a>&nbsp;&nbsp;<\/li><li><a href=\"https:\/\/support.twitter.com\/articles\/20170514\" target=\"_blank\" rel=\"noreferrer noopener\">Twitter<\/a>&nbsp;&nbsp;<\/li><li><a href=\"https:\/\/www.instagram.com\/legal\/cookies\/\" target=\"_blank\" rel=\"noreferrer noopener\">Instagram<\/a>&nbsp;&nbsp;<\/li><li><a href=\"https:\/\/www.google.com\/intl\/fr_fr\/policies\/technologies\/cookies\/\" target=\"_blank\" rel=\"noreferrer noopener\">Google +<\/a>&nbsp;&nbsp;<\/li><\/ul>\n\n\n\n<h2 class=\"wp-block-heading\">COMMENT SUPPRIMER LES COOKIES&nbsp; SELON VOTRE NAVIGATEUR INTERNET ?<\/h2>\n\n\n\n<ul class=\"wp-block-list\"><li>Utilisateur de Google Chrome :&nbsp;<a href=\"https:\/\/support.google.com\/chrome\/answer\/95647?hl=fr\" target=\"_blank\" rel=\"noreferrer noopener\">suivez les consignes sur cette page<\/a>.&nbsp;<\/li><li>Utilisateur de Firefox :&nbsp;<a href=\"https:\/\/support.mozilla.org\/fr\/kb\/effacer-cookies-supprimer-infos-sites-enregistrees\" target=\"_blank\" rel=\"noreferrer noopener\">suivez les consignes sur cette page<\/a>.<\/li><li>Utilisateur d\u2019Internet Explorer :&nbsp;<a href=\"http:\/\/windows.microsoft.com\/fr-fr\/internet-explorer\/delete-manage-cookies#ie=ie-11\" target=\"_blank\" rel=\"noreferrer noopener\">suivez les consignes sur cette page<\/a>.<\/li><li>Utilisateur de Safari :&nbsp;<a href=\"https:\/\/support.apple.com\/kb\/PH17191?locale=en_US&amp;viewlocale=fr_FR\" target=\"_blank\" rel=\"noreferrer noopener\">suivez les consignes sur cette page<\/a>.&nbsp;<\/li><\/ul>\n\n\n\n<p>Pour lire les mentions l\u00e9gales,&nbsp;rendez-vous sur la page d\u00e9di\u00e9e.&nbsp;<\/p>\n\n\n\n<p>\u2013<\/p>\n\n\n\n<p>Pour toute question sur les cookies d\u00e9pos\u00e9s sur notre site,\u00a0contactez-nous. Sinon, vous pouvez aussi d\u00e9guster en image les autres \u201cbiscuits\u201d du Centre des monuments nationaux !\u00a0<\/p>\n","protected":false},"excerpt":{"rendered":"<p>COOKIES En poursuivant votre navigation, vous acceptez l\u2019utilisation de cookies destin\u00e9s notamment \u00e0 l\u2019analyse statistique, aux r\u00e9seaux sociaux et \u00e0 &hellip; <a href=\"http:\/\/www.affinite.fr\/index.php\/privacy-policy\/\" class=\"more-link\">Plus <span class=\"screen-reader-text\">Privacy Policy RGPD<\/span> <span class=\"meta-nav\">&rarr;<\/span><\/a><\/p>\n","protected":false},"author":1,"featured_media":0,"parent":0,"menu_order":0,"comment_status":"closed","ping_status":"open","template":"","meta":{"_sitemap_exclude":false,"_sitemap_priority":"","_sitemap_frequency":"","footnotes":""},"class_list":["post-3","page","type-page","status-publish","hentry"],"_links":{"self":[{"href":"http:\/\/www.affinite.fr\/index.php\/wp-json\/wp\/v2\/pages\/3"}],"collection":[{"href":"http:\/\/www.affinite.fr\/index.php\/wp-json\/wp\/v2\/pages"}],"about":[{"href":"http:\/\/www.affinite.fr\/index.php\/wp-json\/wp\/v2\/types\/page"}],"author":[{"embeddable":true,"href":"http:\/\/www.affinite.fr\/index.php\/wp-json\/wp\/v2\/users\/1"}],"replies":[{"embeddable":true,"href":"http:\/\/www.affinite.fr\/index.php\/wp-json\/wp\/v2\/comments?post=3"}],"version-history":[{"count":2,"href":"http:\/\/www.affinite.fr\/index.php\/wp-json\/wp\/v2\/pages\/3\/revisions"}],"predecessor-version":[{"id":8455,"href":"http:\/\/www.affinite.fr\/index.php\/wp-json\/wp\/v2\/pages\/3\/revisions\/8455"}],"wp:attachment":[{"href":"http:\/\/www.affinite.fr\/index.php\/wp-json\/wp\/v2\/media?parent=3"}],"curies":[{"name":"wp","href":"https:\/\/api.w.org\/{rel}","templated":true}]}}